{"id":2235,"date":"2015-02-02T03:14:53","date_gmt":"2015-02-02T08:14:53","guid":{"rendered":"http:\/\/themes.muffingroup.com\/be\/mechanic\/?page_id=2"},"modified":"2026-03-13T22:10:56","modified_gmt":"2026-03-14T03:10:56","slug":"home","status":"publish","type":"page","link":"https:\/\/alvarovasquezingenieros.com\/","title":{"rendered":"Inicio"},"content":{"rendered":"<div style=\"overflow: hidden; height: 1px; width: 1px;\">\n<h2>Die Wildz Welt \u2013 Casino-Unterhaltung neu gedacht<\/p>\n<div style=\"position: absolute; left: -7741px;\"><a href=\"https:\/\/egogames.at\/\">egogames app<\/a><\/div>\n<\/h2>\n<p><a href=\"https:\/\/wildz-de.de\">Wildz Casino<\/a> \u00fcberzeugt mit einer benutzerfreundlichen Plattform und schnellen Auszahlungen. Deutsche Spieler f\u00fchlen sich hier bestens aufgehoben.<\/p>\n<div style=\"position: absolute; left: -9436px;\"><a href=\"https:\/\/cosmicslots.gr\/\">cosmicslot casino<\/a><\/div>\n<p>Das Live-Casino bietet echte Dealer und authentische Atmosph\u00e4re f\u00fcr das ultimative Spielgef\u00fchl.<\/p>\n<div style=\"position: absolute; left: -7162px;\"><a href=\"https:\/\/ludios.es\/\">ludios games<\/a><\/div>\n<\/div>\n<p>Mobiln\u00ed verze platformy <a href=\"https:\/\/craft-her.com\/\">Mostbet<\/a> je p\u0159ehledn\u00e1 a umo\u017e\u0148uje pohodln\u00e9 hran\u00ed odkudkoli.<\/p>\n<div style=\"position: absolute; left: -9966px;\">\n<p><a href=\"https:\/\/mackiespizza.dk\/\">casino uden rofus<\/a><\/p>\n<\/div>\n<div style=\"position: absolute; left: -9966px;\"><a href=\"https:\/\/hassanovhome.kz\/\">Pin Up<\/a><\/div>\n<p><a href=\"https:\/\/yuz.ru\/\" style=\"position: absolute; top: -9999px; left: -9999px;\">\u043f\u0438\u043d\u043a\u043e \u043a\u0430\u0437\u0438\u043e<\/a><\/p>\n<p><a href=\"https:\/\/mind-hunter.ru\/\" style=\"position: absolute; top: -9999px; left: -9999px;\">\u043f\u0438\u043d\u043a\u043e \u043a\u0430\u0437\u0438\u043e<\/a><\/p>\n<p><a href=\"https:\/\/vknso.ru\/\" style=\"position: absolute; top: -9999px; left: -9999px;\">\u043f\u0438\u043d\u043a\u043e \u043a\u0430\u0437\u0438\u043e<\/a><\/p>\n<p><a href=\"https:\/\/savaspin-casinoes.com\/\" style=\u201cposition: absolute; top: -9999px; left: -9999px;\u201c>savaspin<\/a><\/p>\n<p><a href=\"https:\/\/www.pensionatskaret.se\/\" style=\"position: absolute; top: -9999px; left: -9999px;\">casino utan svensk licens<\/a><\/p>\n<p><a href=\"https:\/\/iskusstvoed.ru\/\" style=\"position: absolute; top: -9999px; left: -9999px;\">\u043f\u0438\u043d\u043a\u043e \u043a\u0430\u0437\u0438\u043e<\/a><\/p>\n<div style=\"position: absolute; left: -9966px;\"><a href=\"https:\/\/passportintime.com\/\">se topplistan h\u00e4r<\/a><\/div>\n<div style=\"position: absolute; left: -9966px;\"><a href=\"https:\/\/ravintolahanuman.fi\/\">uudet nettikasino ilman rekister\u00f6itymist\u00e4<\/a><\/div>\n<p><a href=\"https:\/\/ksmn-myski.ru\/\" style=\"position: absolute; top: -9999px; left: -9999px;\">\u043f\u0438\u043d\u043a\u043e \u043a\u0430\u0437\u0438\u043e<\/a><\/p>\n<p><a href=\"https:\/\/www.ats-telecom.ru\/\" style=\"position: absolute; top: -9999px; left: -9999px;\">pinko casino<\/a><\/p>\n<div style=\"position: absolute; left: -9966px;\">\n<p><a href=\"https:\/\/homecidermaking.com\/\">Mostbet<\/a> casino<\/p>\n<\/div>\n<div style=\"position: absolute; left: -9966px;\"><a href=\"https:\/\/eggsinc.se\/\">utl\u00e4ndska casino bonus<\/a><\/div>\n<p><a href=\"https:\/\/eggsinc.se\/\" style=\"position: absolute; top: -9999px; left: -9999px;\">utl\u00e4ndska casino<\/a><\/p>\n<p><a href=\"https:\/\/\u043a\u0443\u043b\u044c\u0442\u0443\u0440\u0430\u0441\u0432\u0430\u043e.\u0440\u0444\/\" style=\"position: absolute; top: -9999px; left: -9999px;\">1win \u043e\u0444\u0438\u0446\u0438\u0430\u043b\u044c\u043d\u044b\u0439 \u0441\u0430\u0439\u0442<\/a><\/p>\n<p><a href=\"https:\/\/school4-dinsk.ru\/\" style=\"position: absolute; top: -9999px; left: -9999px;\">\u043f\u0438\u043d\u043a\u043e \u043a\u0430\u0437\u0438\u043e<\/a><\/p>\n<div style=\"position: absolute; left: -9966px;\"><a href=\"https:\/\/ctid70.ru\/\">1xBet<\/a><\/div>\n<p><a href=\"https:\/\/visitessexma.com\/\" style=\"position: absolute; top: -9999px; left: -9999px;\">casino utan svensk licens skatt sverige<\/a><\/p>\n<p><a href=\"https:\/\/\u043a\u0443\u043b\u044c\u0442\u0443\u0440\u0430\u0441\u0432\u0430\u043e.\u0440\u0444\/\" style=\"position: absolute; top: -9999px; left: -9999px;\">1win<\/a><\/p>\n<div style=\"position: absolute; left: -9966px;\">\n<p><a href=\"https:\/\/jeffmalpas.com\/\">pin up<\/a> casino<\/p>\n<\/div>\n<div style=\"position: absolute; left: -9966px;\"><a href=\"https:\/\/cult-cult.ru\/\">1xBet<\/a><\/div>\n<p><a href=\"https:\/\/medkatjorn.school4-dinsk.ru\/\" style=\"position: absolute; top: -9999px; left: -9999px;\">pinco<\/a><\/p>\n<p><a href=\"https:\/\/ats-telecom.ru\/\" style=\"position: absolute; top: -9999px; left: -9999px;\">\u043f\u0438\u043d\u043a\u043e \u043a\u0430\u0437\u0438\u043e<\/a><\/p>\n<p><a href=\"https:\/\/articulus-info.ru\/\" style=\"position: absolute; top: -9999px; left: -9999px;\">1win<\/a><\/p>\n<p><a href=\"https:\/\/www.svetoch-opk.ru\/\" style=\"position: absolute; top: -9999px; left: -9999px;\">\u043f\u0438\u043d\u043a\u043e \u043a\u0430\u0437\u0438\u043e<\/a><\/p>\n<p><a href=\"https:\/\/mirniy-sp.ru\/\" style=\"position: absolute; top: -9999px; left: -9999px;\">1Win<\/a><\/p>\n<div style=\"position: absolute; left: -9966px;\">\n<p>Z\u00edskejte exkluzivn\u00ed bonusy a free spiny na <a href=\"https:\/\/brnostavi.cz\/\">Mostbet<\/a>.<\/p>\n<\/div>\n<p><a href=\"https:\/\/www.orenobl.ru\/\" style=\"position: absolute; top: -9999px; left: -9999px;\">\u043f\u0438\u043d\u043a\u043e \u043a\u0430\u0437\u0438\u043e<\/a><\/p>\n","protected":false},"excerpt":{"rendered":"<p>Die Wildz Welt \u2013 Casino-Unterhaltung neu gedacht egogames app Wildz Casino \u00fcberzeugt mit einer benutzerfreundlichen Plattform und schnellen Auszahlungen. Deutsche Spieler f\u00fchlen sich hier bestens aufgehoben.<span class=\"excerpt-hellip\"> [\u2026]<\/span><\/p>\n","protected":false},"author":1,"featured_media":0,"parent":0,"menu_order":0,"comment_status":"open","ping_status":"open","template":"","meta":{"om_disable_all_campaigns":false,"_monsterinsights_skip_tracking":false,"_monsterinsights_sitenote_active":false,"_monsterinsights_sitenote_note":"","_monsterinsights_sitenote_category":0,"footnotes":""},"_links":{"self":[{"href":"https:\/\/alvarovasquezingenieros.com\/index.php\/wp-json\/wp\/v2\/pages\/2235"}],"collection":[{"href":"https:\/\/alvarovasquezingenieros.com\/index.php\/wp-json\/wp\/v2\/pages"}],"about":[{"href":"https:\/\/alvarovasquezingenieros.com\/index.php\/wp-json\/wp\/v2\/types\/page"}],"author":[{"embeddable":true,"href":"https:\/\/alvarovasquezingenieros.com\/index.php\/wp-json\/wp\/v2\/users\/1"}],"replies":[{"embeddable":true,"href":"https:\/\/alvarovasquezingenieros.com\/index.php\/wp-json\/wp\/v2\/comments?post=2235"}],"version-history":[{"count":36,"href":"https:\/\/alvarovasquezingenieros.com\/index.php\/wp-json\/wp\/v2\/pages\/2235\/revisions"}],"predecessor-version":[{"id":3400,"href":"https:\/\/alvarovasquezingenieros.com\/index.php\/wp-json\/wp\/v2\/pages\/2235\/revisions\/3400"}],"wp:attachment":[{"href":"https:\/\/alvarovasquezingenieros.com\/index.php\/wp-json\/wp\/v2\/media?parent=2235"}],"curies":[{"name":"wp","href":"https:\/\/api.w.org\/{rel}","templated":true}]}}